{"id":432,"date":"2023-08-23T13:16:32","date_gmt":"2023-08-23T13:16:32","guid":{"rendered":"https:\/\/creativelo.bike?page_id=432"},"modified":"2023-08-24T09:57:41","modified_gmt":"2023-08-24T09:57:41","slug":"impressum","status":"publish","type":"page","link":"https:\/\/creativelo.bike\/fr\/impressum\/","title":{"rendered":"Mentions l\u00e9gales"},"content":{"rendered":"\n<h1 class=\"wp-block-heading\">Mentions l\u00e9gales<\/h1>\n\n\n\n<h2 class=\"wp-block-heading\">Informations selon \u00a7 5 TMG<\/h2>\n\n\n\n<p>youth4planet e.V.<br>Toboggan 33<br>20146 Hambourg<\/p>\n\n\n\n<p>Registre des associations : VR 21230<br>Cour de registre : Tribunal d&#8217;instance de Hambourg<\/p>\n\n\n\n<p>Repr\u00e9sent\u00e9 par :<br>Joerg Altekruse<br>Comit\u00e9 directeur<\/p>\n\n\n\n<h2 class=\"wp-block-heading\">Contact<\/h2>\n\n\n\n<p>T\u00e9l\u00e9phone : +49 40 41 46 99 44<br>Courrier \u00e9lectronique : ja@youth4planet.org<\/p>\n\n\n\n<h2 class=\"wp-block-heading\">Responsable de la r\u00e9daction<\/h2>\n\n\n\n<p>Joerg Altekruse<br>Comit\u00e9 directeur<br>ja@youth4planet.org<br>Toboggan 33<br>D-20146 Hambourg<br>+49 179 52 62 722<\/p>\n\n\n\n<p>R\u00e8glement des litiges de consommation\/organisme de conciliation universel<\/p>\n\n\n\n<p>Nous ne sommes pas pr\u00eats ou oblig\u00e9s de participer \u00e0 des proc\u00e9dures de r\u00e8glement des litiges devant un organisme de conciliation des consommateurs.<\/p>\n","protected":false},"excerpt":{"rendered":"<p>Mentions l\u00e9gales Informations selon \u00a7 5 TMG youth4planet e.V.Toboggan 3320146 Hambourg Registre des associations : VR 21230Cour de registre : Tribunal d&#8217;instance de Hambourg Repr\u00e9sent\u00e9 par :Joerg AltekruseComit\u00e9 directeur Contact T\u00e9l\u00e9phone : +49 40 41 46 99 44Courrier \u00e9lectronique : ja@youth4planet.org Responsable de la r\u00e9daction Joerg AltekruseComit\u00e9 directeurja@youth4planet.orgToboggan 33D-20146 Hambourg+49 179 52 62 722 R\u00e8glement [&hellip;]<\/p>\n","protected":false},"author":1,"featured_media":0,"parent":0,"menu_order":0,"comment_status":"closed","ping_status":"closed","template":"","meta":{"_acf_changed":false,"footnotes":""},"class_list":["post-432","page","type-page","status-publish","hentry"],"acf":[],"_links":{"self":[{"href":"https:\/\/creativelo.bike\/fr\/wp-json\/wp\/v2\/pages\/432","targetHints":{"allow":["GET"]}}],"collection":[{"href":"https:\/\/creativelo.bike\/fr\/wp-json\/wp\/v2\/pages"}],"about":[{"href":"https:\/\/creativelo.bike\/fr\/wp-json\/wp\/v2\/types\/page"}],"author":[{"embeddable":true,"href":"https:\/\/creativelo.bike\/fr\/wp-json\/wp\/v2\/users\/1"}],"replies":[{"embeddable":true,"href":"https:\/\/creativelo.bike\/fr\/wp-json\/wp\/v2\/comments?post=432"}],"version-history":[{"count":0,"href":"https:\/\/creativelo.bike\/fr\/wp-json\/wp\/v2\/pages\/432\/revisions"}],"wp:attachment":[{"href":"https:\/\/creativelo.bike\/fr\/wp-json\/wp\/v2\/media?parent=432"}],"curies":[{"name":"wp","href":"https:\/\/api.w.org\/{rel}","templated":true}]}}